{"id":1436,"date":"2024-11-25T15:53:36","date_gmt":"2024-11-25T15:53:36","guid":{"rendered":"https:\/\/camaemponto.com\/?post_type=product&#038;p=1436"},"modified":"2025-06-16T22:09:31","modified_gmt":"2025-06-16T21:09:31","slug":"sture","status":"publish","type":"product","link":"https:\/\/camaemponto.com\/en\/prints\/sture\/","title":{"rendered":"Sture"},"content":{"rendered":"<p><span data-sheets-root=\"1\">A tribute to the legacy of Nelson Mandela, a symbol of courage, resilience and humanity. Every detail carries the spirit of a leader who inspired the world to dream of freedom and equality.<\/span><\/p>\n<p><span data-sheets-root=\"1\">300g Couch\u00e9 paper<\/span><\/p>","protected":false},"excerpt":{"rendered":"<p>Uma homenagem ao legado de Nelson Mandela, s\u00edmbolo de coragem, resili\u00eancia e humanidade. Cada detalhe carrega o esp\u00edrito de um l\u00edder que inspirou o mundo a sonhar com liberdade e igualdade. Papel Couch\u00e9 300g<\/p>","protected":false},"featured_media":2297,"template":"","meta":[],"product_brand":[],"product_cat":[20],"product_tag":[],"cuidado_do_produto":[],"origem_do_produto":[],"class_list":{"0":"post-1436","1":"product","2":"type-product","3":"status-publish","4":"has-post-thumbnail","6":"product_cat-prints","8":"first","9":"instock","10":"taxable","11":"shipping-taxable","12":"product-type-variable","13":"has-default-attributes"},"_links":{"self":[{"href":"https:\/\/camaemponto.com\/en\/wp-json\/wp\/v2\/product\/1436","targetHints":{"allow":["GET"]}}],"collection":[{"href":"https:\/\/camaemponto.com\/en\/wp-json\/wp\/v2\/product"}],"about":[{"href":"https:\/\/camaemponto.com\/en\/wp-json\/wp\/v2\/types\/product"}],"wp:featuredmedia":[{"embeddable":true,"href":"https:\/\/camaemponto.com\/en\/wp-json\/wp\/v2\/media\/2297"}],"wp:attachment":[{"href":"https:\/\/camaemponto.com\/en\/wp-json\/wp\/v2\/media?parent=1436"}],"wp:term":[{"taxonomy":"product_brand","embeddable":true,"href":"https:\/\/camaemponto.com\/en\/wp-json\/wp\/v2\/product_brand?post=1436"},{"taxonomy":"product_cat","embeddable":true,"href":"https:\/\/camaemponto.com\/en\/wp-json\/wp\/v2\/product_cat?post=1436"},{"taxonomy":"product_tag","embeddable":true,"href":"https:\/\/camaemponto.com\/en\/wp-json\/wp\/v2\/product_tag?post=1436"},{"taxonomy":"cuidado_do_produto","embeddable":true,"href":"https:\/\/camaemponto.com\/en\/wp-json\/wp\/v2\/cuidado_do_produto?post=1436"},{"taxonomy":"origem_do_produto","embeddable":true,"href":"https:\/\/camaemponto.com\/en\/wp-json\/wp\/v2\/origem_do_produto?post=1436"}],"curies":[{"name":"wp","href":"https:\/\/api.w.org\/{rel}","templated":true}]}}