{"id":1439,"date":"2024-11-25T15:47:03","date_gmt":"2024-11-25T15:47:03","guid":{"rendered":"https:\/\/camaemponto.com\/?post_type=product&#038;p=1439"},"modified":"2025-07-01T09:37:44","modified_gmt":"2025-07-01T08:37:44","slug":"sten","status":"publish","type":"product","link":"https:\/\/camaemponto.com\/en\/prints\/sten\/","title":{"rendered":"Sten"},"content":{"rendered":"<p><span data-sheets-root=\"1\">Inspired by the dance of the wind among the trees, where each movement tells a story of serenity and strength. A tribute to the nature that cradles and renews us.<br \/>\n<\/span><\/p>\n<p><span data-sheets-root=\"1\">300g Couch\u00e9 paper<\/span><\/p>","protected":false},"excerpt":{"rendered":"<p>Inspirado pela dan\u00e7a do vento entre as \u00e1rvores, onde cada movimento conta uma hist\u00f3ria de serenidade e for\u00e7a. Uma tributo \u00e0 natureza que nos embala e nos renova. Papel Couch\u00e9 300g<\/p>","protected":false},"featured_media":1897,"template":"","meta":[],"product_brand":[],"product_cat":[20],"product_tag":[],"cuidado_do_produto":[],"origem_do_produto":[],"class_list":{"0":"post-1439","1":"product","2":"type-product","3":"status-publish","4":"has-post-thumbnail","6":"product_cat-prints","8":"first","9":"instock","10":"taxable","11":"shipping-taxable","12":"product-type-variable","13":"has-default-attributes"},"_links":{"self":[{"href":"https:\/\/camaemponto.com\/en\/wp-json\/wp\/v2\/product\/1439","targetHints":{"allow":["GET"]}}],"collection":[{"href":"https:\/\/camaemponto.com\/en\/wp-json\/wp\/v2\/product"}],"about":[{"href":"https:\/\/camaemponto.com\/en\/wp-json\/wp\/v2\/types\/product"}],"wp:featuredmedia":[{"embeddable":true,"href":"https:\/\/camaemponto.com\/en\/wp-json\/wp\/v2\/media\/1897"}],"wp:attachment":[{"href":"https:\/\/camaemponto.com\/en\/wp-json\/wp\/v2\/media?parent=1439"}],"wp:term":[{"taxonomy":"product_brand","embeddable":true,"href":"https:\/\/camaemponto.com\/en\/wp-json\/wp\/v2\/product_brand?post=1439"},{"taxonomy":"product_cat","embeddable":true,"href":"https:\/\/camaemponto.com\/en\/wp-json\/wp\/v2\/product_cat?post=1439"},{"taxonomy":"product_tag","embeddable":true,"href":"https:\/\/camaemponto.com\/en\/wp-json\/wp\/v2\/product_tag?post=1439"},{"taxonomy":"cuidado_do_produto","embeddable":true,"href":"https:\/\/camaemponto.com\/en\/wp-json\/wp\/v2\/cuidado_do_produto?post=1439"},{"taxonomy":"origem_do_produto","embeddable":true,"href":"https:\/\/camaemponto.com\/en\/wp-json\/wp\/v2\/origem_do_produto?post=1439"}],"curies":[{"name":"wp","href":"https:\/\/api.w.org\/{rel}","templated":true}]}}