{"id":1189,"date":"2024-11-23T00:46:40","date_gmt":"2024-11-23T00:46:40","guid":{"rendered":"https:\/\/camaemponto.com\/?post_type=product&#038;p=1189"},"modified":"2026-04-23T22:42:19","modified_gmt":"2026-04-23T21:42:19","slug":"colcha-blomma","status":"publish","type":"product","link":"https:\/\/camaemponto.com\/es\/colchas\/colcha-blomma\/","title":{"rendered":"Colcha Blomma"},"content":{"rendered":"<p>La colcha Blomma ha sido creada y dise\u00f1ada para quienes buscan un ambiente tranquilo, luminoso y naturalmente elegante en su dormitorio. Su color aporta ligereza al espacio, creando una sensaci\u00f3n de amplitud y tranquilidad que combina con cualquier estilo de decoraci\u00f3n.<\/p>\n<p>Confeccionada en algod\u00f3n 100% y con un peso de 505 g\/m\u00b2, ofrece un tacto suave y envolvente, proporcionando confort en todas las estaciones. La textura tiene una fluidez natural donde la puntada se diferencia y se convierte as\u00ed en una obra de arte, dando como resultado una pieza que se adapta perfectamente a la cama y crea una ca\u00edda armoniosa y delicada. Este equilibrio entre suavidad, calidad y sencillez hace de la colcha una elecci\u00f3n vers\u00e1til y duradera.<\/p>\n<p>Con medidas de 240\u00d7260 cm, es ideal para camas de matrimonio, garantizando una cobertura generosa y uniforme. F\u00e1cil de cuidar y resistente al uso diario, es una pieza pensada para quien valora la comodidad, la calidad y un dise\u00f1o discreto, donde se cierra por los cuatro costados sin dejar de ser sofisticado. La t\u00e9cnica de lavado confiere al tejido mayor suavidad y fluidez.<\/p>\n<p>La colcha Blomma es perfecta para crear un ambiente acogedor, elegante y atemporal.<\/p>\n<p>&nbsp;<\/p>","protected":false},"excerpt":{"rendered":"<p>A colcha Blomma foi criada e pensada para quem procura um ambiente calmo, luminoso e naturalmente elegante no quarto. A sua tonalidade traz leveza ao espa\u00e7o, criando uma sensa\u00e7\u00e3o de amplitude e tranquilidade que combina com qualquer estilo de decora\u00e7\u00e3o. Fabricada em 100% algod\u00e3o e com gramagem de 505 g\/m\u00b2, oferece um toque suave e envolvente, proporcionando conforto em todas as esta\u00e7\u00f5es. A textura apresenta uma fluidez natural onde o ponto \u00e9 diferenciado e torna assim numa obra de arte, resultando numa pe\u00e7a que se adapta perfeitamente \u00e0 cama e cria um cair harmonioso e delicado. Este equil\u00edbrio entre suavidade, qualidade e simplicidade transforma a colcha numa escolha vers\u00e1til e duradoura. Com 240&#215;260 cm, \u00e9 ideal para camas de casal, garantindo uma cobertura generosa e uniforme. F\u00e1cil de cuidar e resistente ao uso di\u00e1rio, \u00e9 uma pe\u00e7a pensada para quem valoriza conforto, qualidade e um design discreto onde fecha nos quatros lados mas sofisticado. A t\u00e9cnica da lavagem proporciona maior suavidade e fluidez ao tecido. A colcha Blomma \u00e9 perfeita para criar um ambiente acolhedor, elegante e intemporal. &nbsp;<\/p>","protected":false},"featured_media":1194,"template":"","meta":[],"product_brand":[],"product_cat":[18],"product_tag":[],"cuidado_do_produto":[30,31,73,72,74,71,32],"origem_do_produto":[76,78,33,75,77],"class_list":{"0":"post-1189","1":"product","2":"type-product","3":"status-publish","4":"has-post-thumbnail","6":"product_cat-colchas","7":"cuidado_do_produto-lavar-com-cores-similares","8":"cuidado_do_produto-nao-alvejar-em-agua-morna","9":"cuidado_do_produto-nao-torcer-ou-esfregar-com-forca-para-nao-danificar-a-fibra","10":"cuidado_do_produto-para-melhor-conservacao-guardar-em-local-seco-e-ventilado","11":"cuidado_do_produto-recomendado-o-uso-de-detergente-suave","12":"cuidado_do_produto-secar-a-sombra-para-preservar-a-cor-e-a-textura","13":"cuidado_do_produto-secar-na-maquina","14":"origem_do_produto-concebido-com-criterio-num-processo-alinhado-com-valores-de-responsabilidade-e-detalhe","15":"origem_do_produto-desenhado-com-identidade-propria-refletindo-a-visao-estetica-e-sensivel-do-criador-da-peca","16":"origem_do_produto-fabricado-em-portugal","17":"origem_do_produto-nascido-num-circuito-de-producao-local-com-foco-no-saber-fazer-e-na-proximidade","18":"origem_do_produto-produzido-com-fibras-naturais-criteriosamente-selecionadas-para-garantir-conforto-durabilidade-e-autenticidade","20":"first","21":"instock","22":"taxable","23":"shipping-taxable","24":"purchasable","25":"product-type-simple"},"_links":{"self":[{"href":"https:\/\/camaemponto.com\/es\/wp-json\/wp\/v2\/product\/1189","targetHints":{"allow":["GET"]}}],"collection":[{"href":"https:\/\/camaemponto.com\/es\/wp-json\/wp\/v2\/product"}],"about":[{"href":"https:\/\/camaemponto.com\/es\/wp-json\/wp\/v2\/types\/product"}],"wp:featuredmedia":[{"embeddable":true,"href":"https:\/\/camaemponto.com\/es\/wp-json\/wp\/v2\/media\/1194"}],"wp:attachment":[{"href":"https:\/\/camaemponto.com\/es\/wp-json\/wp\/v2\/media?parent=1189"}],"wp:term":[{"taxonomy":"product_brand","embeddable":true,"href":"https:\/\/camaemponto.com\/es\/wp-json\/wp\/v2\/product_brand?post=1189"},{"taxonomy":"product_cat","embeddable":true,"href":"https:\/\/camaemponto.com\/es\/wp-json\/wp\/v2\/product_cat?post=1189"},{"taxonomy":"product_tag","embeddable":true,"href":"https:\/\/camaemponto.com\/es\/wp-json\/wp\/v2\/product_tag?post=1189"},{"taxonomy":"cuidado_do_produto","embeddable":true,"href":"https:\/\/camaemponto.com\/es\/wp-json\/wp\/v2\/cuidado_do_produto?post=1189"},{"taxonomy":"origem_do_produto","embeddable":true,"href":"https:\/\/camaemponto.com\/es\/wp-json\/wp\/v2\/origem_do_produto?post=1189"}],"curies":[{"name":"wp","href":"https:\/\/api.w.org\/{rel}","templated":true}]}}