{"id":1237,"date":"2024-11-23T01:08:49","date_gmt":"2024-11-23T01:08:49","guid":{"rendered":"https:\/\/camaemponto.com\/?post_type=product&#038;p=1237"},"modified":"2026-03-30T23:07:19","modified_gmt":"2026-03-30T22:07:19","slug":"colcha-sture-cornucopias-marron","status":"publish","type":"product","link":"https:\/\/camaemponto.com\/es\/colchas\/colcha-sture-cornucopias-marron\/","title":{"rendered":"Colcha Sture Cornucopias Marr\u00f3n"},"content":{"rendered":"<p>La colcha Sture Brown ha sido creada para transformar el ambiente del dormitorio con un toque de color c\u00e1lido, confortable y naturalmente elegante. Su tono parduzco a\u00f1ade profundidad y armon\u00eda al espacio, adapt\u00e1ndose f\u00e1cilmente a estilos modernos, cl\u00e1sicos o minimalistas.<\/p>\n<p>Confeccionada en algod\u00f3n 100% y con un peso de 470 g\/m\u00b2, esta colcha ofrece una combinaci\u00f3n de ligereza, suavidad y durabilidad. El acabado intensifica el tacto suave y le confiere un aspecto m\u00e1s natural y relajado, ideal para quienes buscan una pieza con car\u00e1cter r\u00fastico e identidad propia.<\/p>\n<p>El tama\u00f1o de 260\u00d7240 cm hace que este edred\u00f3n sea adecuado para camas dobles, garantizando una cobertura generosa y una ca\u00edda fluida que realza la est\u00e9tica de la cama. Es f\u00e1cil de cuidar, ya que la t\u00e9cnica de lavado proporciona mayor suavidad y fluidez al tejido, que se vuelve resistente y conserva su confort y textura con el uso. La colcha marr\u00f3n es la elecci\u00f3n ideal para quienes desean elevar su habitaci\u00f3n con una pieza que combine color, calidad y un dise\u00f1o pensado al detalle.<\/p>","protected":false},"excerpt":{"rendered":"<p>A colcha Sture Castanho foi criada para transformar o ambiente do quarto com um toque de cor quente, confort\u00e1vel e naturalmente elegante. O seu tom acastanhado adiciona profundidade e harmonia ao espa\u00e7o, adaptando-se facilmente a estilos modernos, cl\u00e1ssicos ou minimalistas. Com composi\u00e7\u00e3o 100% algod\u00e3o e gramagem de 470 g\/m\u00b2, esta colcha oferece a combina\u00e7\u00e3o de leveza, suavidade e durabilidade. O acabamento intensifica o toque macio e confere um aspeto mais natural e descontra\u00eddo, ideal para quem procura uma pe\u00e7a com car\u00e1ter r\u00fastico e identidade pr\u00f3pria. O tamanho 260&#215;240 cm torna esta colcha adequada para camas de casal, garantindo uma cobertura generosa e um cair fluido que valoriza a est\u00e9tica da cama. \u00c9 f\u00e1cil de cuidar,\u00a0 pois a t\u00e9cnica da lavagem proporciona maior suavidade e fluidez ao tecido, que se torna resistente e mant\u00e9m o conforto e a textura com o uso. A colcha acastanhada \u00e9 a op\u00e7\u00e3o ideal para quem deseja elevar o ambiente com uma pe\u00e7a que junta cor, qualidade e um design pensado ao detalhe.<\/p>","protected":false},"featured_media":1238,"template":"","meta":[],"product_brand":[],"product_cat":[18],"product_tag":[],"cuidado_do_produto":[30,31,73,72,74,71,32],"origem_do_produto":[76,78,33,75,77],"class_list":{"0":"post-1237","1":"product","2":"type-product","3":"status-publish","4":"has-post-thumbnail","6":"product_cat-colchas","7":"cuidado_do_produto-lavar-com-cores-similares","8":"cuidado_do_produto-nao-alvejar-em-agua-morna","9":"cuidado_do_produto-nao-torcer-ou-esfregar-com-forca-para-nao-danificar-a-fibra","10":"cuidado_do_produto-para-melhor-conservacao-guardar-em-local-seco-e-ventilado","11":"cuidado_do_produto-recomendado-o-uso-de-detergente-suave","12":"cuidado_do_produto-secar-a-sombra-para-preservar-a-cor-e-a-textura","13":"cuidado_do_produto-secar-na-maquina","14":"origem_do_produto-concebido-com-criterio-num-processo-alinhado-com-valores-de-responsabilidade-e-detalhe","15":"origem_do_produto-desenhado-com-identidade-propria-refletindo-a-visao-estetica-e-sensivel-do-criador-da-peca","16":"origem_do_produto-fabricado-em-portugal","17":"origem_do_produto-nascido-num-circuito-de-producao-local-com-foco-no-saber-fazer-e-na-proximidade","18":"origem_do_produto-produzido-com-fibras-naturais-criteriosamente-selecionadas-para-garantir-conforto-durabilidade-e-autenticidade","20":"first","21":"instock","22":"taxable","23":"shipping-taxable","24":"purchasable","25":"product-type-simple"},"_links":{"self":[{"href":"https:\/\/camaemponto.com\/es\/wp-json\/wp\/v2\/product\/1237","targetHints":{"allow":["GET"]}}],"collection":[{"href":"https:\/\/camaemponto.com\/es\/wp-json\/wp\/v2\/product"}],"about":[{"href":"https:\/\/camaemponto.com\/es\/wp-json\/wp\/v2\/types\/product"}],"wp:featuredmedia":[{"embeddable":true,"href":"https:\/\/camaemponto.com\/es\/wp-json\/wp\/v2\/media\/1238"}],"wp:attachment":[{"href":"https:\/\/camaemponto.com\/es\/wp-json\/wp\/v2\/media?parent=1237"}],"wp:term":[{"taxonomy":"product_brand","embeddable":true,"href":"https:\/\/camaemponto.com\/es\/wp-json\/wp\/v2\/product_brand?post=1237"},{"taxonomy":"product_cat","embeddable":true,"href":"https:\/\/camaemponto.com\/es\/wp-json\/wp\/v2\/product_cat?post=1237"},{"taxonomy":"product_tag","embeddable":true,"href":"https:\/\/camaemponto.com\/es\/wp-json\/wp\/v2\/product_tag?post=1237"},{"taxonomy":"cuidado_do_produto","embeddable":true,"href":"https:\/\/camaemponto.com\/es\/wp-json\/wp\/v2\/cuidado_do_produto?post=1237"},{"taxonomy":"origem_do_produto","embeddable":true,"href":"https:\/\/camaemponto.com\/es\/wp-json\/wp\/v2\/origem_do_produto?post=1237"}],"curies":[{"name":"wp","href":"https:\/\/api.w.org\/{rel}","templated":true}]}}