{"id":1266,"date":"2024-11-23T01:21:43","date_gmt":"2024-11-23T01:21:43","guid":{"rendered":"https:\/\/camaemponto.com\/?post_type=product&#038;p=1266"},"modified":"2026-03-30T23:05:07","modified_gmt":"2026-03-30T22:05:07","slug":"manta-drastig","status":"publish","type":"product","link":"https:\/\/camaemponto.com\/es\/mantas\/manta-drastig\/","title":{"rendered":"Manta Drastig"},"content":{"rendered":"<p>Manta de algod\u00f3n 100%, hilos te\u00f1idos y 290 g\/m2.<\/p>\n<p>Una pieza \u00fanica, dise\u00f1ada para integrarse con naturalidad en cualquier entorno.<\/p>\n<p>El tacto suave y fluido del tejido es evidente y la textura resalta la delicada mezcla de hilos, creando profundidad y car\u00e1cter.<\/p>\n<p>Transpirable, c\u00f3moda y ligera, ofrece bienestar en todas las estaciones.<\/p>\n<p>F\u00e1cil de lavar, pr\u00e1ctica en el d\u00eda a d\u00eda y refinada en los detalles, un equilibrio perfecto entre dise\u00f1o, calidad y autenticidad.<\/p>\n<p>El tama\u00f1o de 130\u00d7170 cm es para quienes valoran la comodidad y la identidad.<\/p>","protected":false},"excerpt":{"rendered":"<p>Manta em 100% algod\u00e3o, fios tintos e com 290g\/m2. Uma pe\u00e7a \u00fanica, pensada para se integrar naturalmente em qualquer ambiente. O toque macio, a fluidez do tecido \u00e9 evidente e a textura releva a mistura delicada de fios, criando profundidade e car\u00e1cter. Respir\u00e1vel, confort\u00e1vel e leve, oferece bem estar em todas as esta\u00e7\u00f5es. F\u00e1cil de lavar , pr\u00e1tica no dia a dia e refinada nos detalhes, um equil\u00edbrio perfeito entre o design, qualidade e autenticidade. A medida de 130&#215;170 cm para quem valoriza conforto com identidade.<\/p>","protected":false},"featured_media":1268,"template":"","meta":[],"product_brand":[],"product_cat":[19],"product_tag":[],"cuidado_do_produto":[30,31,73,72,74,71,32],"origem_do_produto":[76,78,33,75,77],"class_list":{"0":"post-1266","1":"product","2":"type-product","3":"status-publish","4":"has-post-thumbnail","6":"product_cat-mantas","7":"cuidado_do_produto-lavar-com-cores-similares","8":"cuidado_do_produto-nao-alvejar-em-agua-morna","9":"cuidado_do_produto-nao-torcer-ou-esfregar-com-forca-para-nao-danificar-a-fibra","10":"cuidado_do_produto-para-melhor-conservacao-guardar-em-local-seco-e-ventilado","11":"cuidado_do_produto-recomendado-o-uso-de-detergente-suave","12":"cuidado_do_produto-secar-a-sombra-para-preservar-a-cor-e-a-textura","13":"cuidado_do_produto-secar-na-maquina","14":"origem_do_produto-concebido-com-criterio-num-processo-alinhado-com-valores-de-responsabilidade-e-detalhe","15":"origem_do_produto-desenhado-com-identidade-propria-refletindo-a-visao-estetica-e-sensivel-do-criador-da-peca","16":"origem_do_produto-fabricado-em-portugal","17":"origem_do_produto-nascido-num-circuito-de-producao-local-com-foco-no-saber-fazer-e-na-proximidade","18":"origem_do_produto-produzido-com-fibras-naturais-criteriosamente-selecionadas-para-garantir-conforto-durabilidade-e-autenticidade","20":"first","21":"instock","22":"taxable","23":"shipping-taxable","24":"purchasable","25":"product-type-simple"},"_links":{"self":[{"href":"https:\/\/camaemponto.com\/es\/wp-json\/wp\/v2\/product\/1266","targetHints":{"allow":["GET"]}}],"collection":[{"href":"https:\/\/camaemponto.com\/es\/wp-json\/wp\/v2\/product"}],"about":[{"href":"https:\/\/camaemponto.com\/es\/wp-json\/wp\/v2\/types\/product"}],"wp:featuredmedia":[{"embeddable":true,"href":"https:\/\/camaemponto.com\/es\/wp-json\/wp\/v2\/media\/1268"}],"wp:attachment":[{"href":"https:\/\/camaemponto.com\/es\/wp-json\/wp\/v2\/media?parent=1266"}],"wp:term":[{"taxonomy":"product_brand","embeddable":true,"href":"https:\/\/camaemponto.com\/es\/wp-json\/wp\/v2\/product_brand?post=1266"},{"taxonomy":"product_cat","embeddable":true,"href":"https:\/\/camaemponto.com\/es\/wp-json\/wp\/v2\/product_cat?post=1266"},{"taxonomy":"product_tag","embeddable":true,"href":"https:\/\/camaemponto.com\/es\/wp-json\/wp\/v2\/product_tag?post=1266"},{"taxonomy":"cuidado_do_produto","embeddable":true,"href":"https:\/\/camaemponto.com\/es\/wp-json\/wp\/v2\/cuidado_do_produto?post=1266"},{"taxonomy":"origem_do_produto","embeddable":true,"href":"https:\/\/camaemponto.com\/es\/wp-json\/wp\/v2\/origem_do_produto?post=1266"}],"curies":[{"name":"wp","href":"https:\/\/api.w.org\/{rel}","templated":true}]}}