{"id":1274,"date":"2024-11-23T14:22:37","date_gmt":"2024-11-23T14:22:37","guid":{"rendered":"https:\/\/camaemponto.com\/?post_type=product&#038;p=1274"},"modified":"2026-05-15T06:09:13","modified_gmt":"2026-05-15T05:09:13","slug":"manta-kontur","status":"publish","type":"product","link":"https:\/\/camaemponto.com\/es\/mantas\/manta-kontur\/","title":{"rendered":"Manta Kontur"},"content":{"rendered":"<p>La manta de algod\u00f3n gris Kontur ha sido dise\u00f1ada y desarrollada para envolver los espacios con suavidad, autenticidad y un toque de calma. Con su color suave y su textura artesanal, esta manta decorativa se adapta f\u00e1cilmente a cualquier estilo de hogar, ya sea en ambientes minimalistas, escandinavos o m\u00e1s tradicionales. Perfecta para sof\u00e1s, camas o sillones, a\u00f1ade confort visual y f\u00edsico de forma natural.<\/p>\n<p>Fabricada en Portugal con algod\u00f3n 100%, esta manta destaca por su ligereza, s\u00f3lo 360 gr\/m2, tacto suave y alta transpirabilidad. La mezcla de puntos le confiere un aspecto elegante y discreto, sin olores fuertes, r\u00e1pida absorci\u00f3n y sensaci\u00f3n de frescor al llevarla puesta. Su ajuste m\u00e1s natural mantiene la forma con suavidad, por lo que es ideal para momentos de descanso o como pieza decorativa destacada.<\/p>\n<p>Con 130\u00d7170 cm, la manta de algod\u00f3n gris de Kontur tiene el tama\u00f1o ideal para un uso diario vers\u00e1til. Es f\u00e1cil de cuidar, se puede lavar a m\u00e1quina y mantiene su calidad con el paso del tiempo para una mayor suavidad y fluidez del tejido. M\u00e1s que un accesorio, es una elecci\u00f3n consciente para quien busca comodidad, funcionalidad y un dise\u00f1o portugu\u00e9s que enfatiza los peque\u00f1os detalles.<\/p>","protected":false},"excerpt":{"rendered":"<p>A manta cinza de algod\u00e3o Kontur foi pensada e desenvolvida para envolver os espa\u00e7os com suavidade, autenticidade e um toque de calma. Com cor suave e textura artesanal, esta manta decorativa adapta-se facilmente a qualquer estilo de casa, seja em ambientes minimalistas, escandinavos ou mais tradicionais. Perfeita para sof\u00e1s, camas ou poltronas, acrescenta conforto visual e f\u00edsico com naturalidade. Fabricada em Portugal com 100% algod\u00e3o, esta manta destaca-se pela sua leveza, apenas 360 gr\/m2,\u00a0 toque macio e elevada respirabilidade. O conjunto de pontos misturados d\u00e1-lhe um aspeto elegante e discreto, sem cheiro forte, com absor\u00e7\u00e3o r\u00e1pida e uma sensa\u00e7\u00e3o fresca ao uso. O seu caimento mais natural mant\u00e9m o formato com suavidade, tornando-a ideal para momentos de descanso ou como pe\u00e7a decorativa de destaque. Com 130&#215;170 cm, a manta cinza de algod\u00e3o Kontur tem o tamanho ideal para uso vers\u00e1til no dia a dia. \u00c9 f\u00e1cil de cuidar, lav\u00e1vel \u00e0 m\u00e1quina e mant\u00e9m a qualidade com o tempo para uma maior suavidade e fluidez ao tecido. Mais do que um acess\u00f3rio, \u00e9 uma escolha consciente de quem procura conforto, funcionalidade e um design portugu\u00eas que valoriza os pequenos detalhes.<\/p>","protected":false},"featured_media":1275,"template":"","meta":[],"product_brand":[],"product_cat":[19],"product_tag":[],"cuidado_do_produto":[30,31,73,72,74,71,32],"origem_do_produto":[76,78,33,75,77],"class_list":{"0":"post-1274","1":"product","2":"type-product","3":"status-publish","4":"has-post-thumbnail","6":"product_cat-mantas","7":"cuidado_do_produto-lavar-com-cores-similares","8":"cuidado_do_produto-nao-alvejar-em-agua-morna","9":"cuidado_do_produto-nao-torcer-ou-esfregar-com-forca-para-nao-danificar-a-fibra","10":"cuidado_do_produto-para-melhor-conservacao-guardar-em-local-seco-e-ventilado","11":"cuidado_do_produto-recomendado-o-uso-de-detergente-suave","12":"cuidado_do_produto-secar-a-sombra-para-preservar-a-cor-e-a-textura","13":"cuidado_do_produto-secar-na-maquina","14":"origem_do_produto-concebido-com-criterio-num-processo-alinhado-com-valores-de-responsabilidade-e-detalhe","15":"origem_do_produto-desenhado-com-identidade-propria-refletindo-a-visao-estetica-e-sensivel-do-criador-da-peca","16":"origem_do_produto-fabricado-em-portugal","17":"origem_do_produto-nascido-num-circuito-de-producao-local-com-foco-no-saber-fazer-e-na-proximidade","18":"origem_do_produto-produzido-com-fibras-naturais-criteriosamente-selecionadas-para-garantir-conforto-durabilidade-e-autenticidade","20":"first","21":"instock","22":"taxable","23":"shipping-taxable","24":"purchasable","25":"product-type-simple"},"_links":{"self":[{"href":"https:\/\/camaemponto.com\/es\/wp-json\/wp\/v2\/product\/1274","targetHints":{"allow":["GET"]}}],"collection":[{"href":"https:\/\/camaemponto.com\/es\/wp-json\/wp\/v2\/product"}],"about":[{"href":"https:\/\/camaemponto.com\/es\/wp-json\/wp\/v2\/types\/product"}],"wp:featuredmedia":[{"embeddable":true,"href":"https:\/\/camaemponto.com\/es\/wp-json\/wp\/v2\/media\/1275"}],"wp:attachment":[{"href":"https:\/\/camaemponto.com\/es\/wp-json\/wp\/v2\/media?parent=1274"}],"wp:term":[{"taxonomy":"product_brand","embeddable":true,"href":"https:\/\/camaemponto.com\/es\/wp-json\/wp\/v2\/product_brand?post=1274"},{"taxonomy":"product_cat","embeddable":true,"href":"https:\/\/camaemponto.com\/es\/wp-json\/wp\/v2\/product_cat?post=1274"},{"taxonomy":"product_tag","embeddable":true,"href":"https:\/\/camaemponto.com\/es\/wp-json\/wp\/v2\/product_tag?post=1274"},{"taxonomy":"cuidado_do_produto","embeddable":true,"href":"https:\/\/camaemponto.com\/es\/wp-json\/wp\/v2\/cuidado_do_produto?post=1274"},{"taxonomy":"origem_do_produto","embeddable":true,"href":"https:\/\/camaemponto.com\/es\/wp-json\/wp\/v2\/origem_do_produto?post=1274"}],"curies":[{"name":"wp","href":"https:\/\/api.w.org\/{rel}","templated":true}]}}