{"id":1421,"date":"2024-11-25T13:51:59","date_gmt":"2024-11-25T13:51:59","guid":{"rendered":"https:\/\/camaemponto.com\/?post_type=product&#038;p=1421"},"modified":"2026-05-15T06:09:13","modified_gmt":"2026-05-15T05:09:13","slug":"manta-sture-beige","status":"publish","type":"product","link":"https:\/\/camaemponto.com\/es\/mantas\/manta-sture-beige\/","title":{"rendered":"Manta Sture Marron"},"content":{"rendered":"<p>La manta beige Sture ha sido creada para envolver los espacios con suavidad, autenticidad y un toque de calma. Con su color neutro y su textura artesanal, esta manta decorativa se adapta f\u00e1cilmente a cualquier estilo de hogar, ya sea en ambientes minimalistas, escandinavos o m\u00e1s tradicionales. Perfecta para sof\u00e1s, camas o sillones, a\u00f1ade confort visual y f\u00edsico de forma natural.<\/p>\n<p>Fabricada en Portugal con algod\u00f3n 100%, esta manta destaca por su tacto y alta transpirabilidad, con s\u00f3lo 470 gr\/m2. La mezcla de puntos le confiere un aspecto distintivo y le da una apariencia elegante y discreta, sin olores fuertes, de r\u00e1pida absorci\u00f3n y con una sensaci\u00f3n de frescor al llevarla puesta. Su ajuste m\u00e1s natural con los volantes mantiene su forma suavemente, por lo que es ideal para momentos de relajaci\u00f3n o como pieza decorativa destacada.<\/p>\n<p>Con unas medidas de 130\u00d7170 cm, la manta de algod\u00f3n beige Sture tiene el tama\u00f1o ideal para un uso diario vers\u00e1til. Es f\u00e1cil de cuidar, y la t\u00e9cnica de lavado confiere al tejido mayor suavidad y fluidez. M\u00e1s que un simple accesorio, es una elecci\u00f3n consciente para quienes buscan comodidad, funcionalidad y un dise\u00f1o portugu\u00e9s que destaque los peque\u00f1os detalles.<\/p>","protected":false},"excerpt":{"rendered":"<p>A manta Sture bege foi criada para envolver os espa\u00e7os com suavidade, autenticidade e um toque de calma. Com cor neutra e textura artesanal, esta manta decorativa adapta-se facilmente a qualquer estilo de casa, seja em ambientes minimalistas, escandinavos ou mais tradicionais. Perfeita para sof\u00e1s, camas ou poltronas, acrescenta conforto visual e f\u00edsico com naturalidade. Fabricada em Portugal com 100% algod\u00e3o, esta manta destaca-se pelo seu toque e elevada respirabilidade, apenas com 470 gr\/m2. As misturas de pontos confere um ar diferenciado e d\u00e1-lhe um aspeto elegante e discreto, sem cheiro forte, com absor\u00e7\u00e3o r\u00e1pida e uma sensa\u00e7\u00e3o fresca ao uso. O seu caimento mais natural com os folhos mant\u00e9m o formato com suavidade, tornando-a ideal para momentos de descanso ou como pe\u00e7a decorativa de destaque. Com 130&#215;170 cm, a manta bege de algod\u00e3o Sture tem o tamanho ideal para uso vers\u00e1til no dia a dia. \u00c9 f\u00e1cil de cuidar, a t\u00e9cnica da lavagem proporciona maior suavidade e fluidez ao tecido.. Mais do que um acess\u00f3rio, \u00e9 uma escolha consciente de quem procura conforto, funcionalidade e um design portugu\u00eas que valoriza os pequenos detalhes.<\/p>","protected":false},"featured_media":1422,"template":"","meta":[],"product_brand":[],"product_cat":[19],"product_tag":[],"cuidado_do_produto":[30,31,73,72,74,71,32],"origem_do_produto":[76,78,33,75,77],"class_list":{"0":"post-1421","1":"product","2":"type-product","3":"status-publish","4":"has-post-thumbnail","6":"product_cat-mantas","7":"cuidado_do_produto-lavar-com-cores-similares","8":"cuidado_do_produto-nao-alvejar-em-agua-morna","9":"cuidado_do_produto-nao-torcer-ou-esfregar-com-forca-para-nao-danificar-a-fibra","10":"cuidado_do_produto-para-melhor-conservacao-guardar-em-local-seco-e-ventilado","11":"cuidado_do_produto-recomendado-o-uso-de-detergente-suave","12":"cuidado_do_produto-secar-a-sombra-para-preservar-a-cor-e-a-textura","13":"cuidado_do_produto-secar-na-maquina","14":"origem_do_produto-concebido-com-criterio-num-processo-alinhado-com-valores-de-responsabilidade-e-detalhe","15":"origem_do_produto-desenhado-com-identidade-propria-refletindo-a-visao-estetica-e-sensivel-do-criador-da-peca","16":"origem_do_produto-fabricado-em-portugal","17":"origem_do_produto-nascido-num-circuito-de-producao-local-com-foco-no-saber-fazer-e-na-proximidade","18":"origem_do_produto-produzido-com-fibras-naturais-criteriosamente-selecionadas-para-garantir-conforto-durabilidade-e-autenticidade","20":"first","21":"instock","22":"taxable","23":"shipping-taxable","24":"purchasable","25":"product-type-simple"},"_links":{"self":[{"href":"https:\/\/camaemponto.com\/es\/wp-json\/wp\/v2\/product\/1421","targetHints":{"allow":["GET"]}}],"collection":[{"href":"https:\/\/camaemponto.com\/es\/wp-json\/wp\/v2\/product"}],"about":[{"href":"https:\/\/camaemponto.com\/es\/wp-json\/wp\/v2\/types\/product"}],"wp:featuredmedia":[{"embeddable":true,"href":"https:\/\/camaemponto.com\/es\/wp-json\/wp\/v2\/media\/1422"}],"wp:attachment":[{"href":"https:\/\/camaemponto.com\/es\/wp-json\/wp\/v2\/media?parent=1421"}],"wp:term":[{"taxonomy":"product_brand","embeddable":true,"href":"https:\/\/camaemponto.com\/es\/wp-json\/wp\/v2\/product_brand?post=1421"},{"taxonomy":"product_cat","embeddable":true,"href":"https:\/\/camaemponto.com\/es\/wp-json\/wp\/v2\/product_cat?post=1421"},{"taxonomy":"product_tag","embeddable":true,"href":"https:\/\/camaemponto.com\/es\/wp-json\/wp\/v2\/product_tag?post=1421"},{"taxonomy":"cuidado_do_produto","embeddable":true,"href":"https:\/\/camaemponto.com\/es\/wp-json\/wp\/v2\/cuidado_do_produto?post=1421"},{"taxonomy":"origem_do_produto","embeddable":true,"href":"https:\/\/camaemponto.com\/es\/wp-json\/wp\/v2\/origem_do_produto?post=1421"}],"curies":[{"name":"wp","href":"https:\/\/api.w.org\/{rel}","templated":true}]}}