{"id":1437,"date":"2024-11-25T15:51:34","date_gmt":"2024-11-25T15:51:34","guid":{"rendered":"https:\/\/camaemponto.com\/?post_type=product&#038;p=1437"},"modified":"2025-07-01T09:38:18","modified_gmt":"2025-07-01T08:38:18","slug":"kontur","status":"publish","type":"product","link":"https:\/\/camaemponto.com\/es\/impresiones\/kontur\/","title":{"rendered":"Kontur"},"content":{"rendered":"<p><span data-sheets-root=\"1\">Una celebraci\u00f3n del contraste entre los momentos grises y los rayos de color que pintan nuestros d\u00edas. Este dise\u00f1o es el arco iris que emerge tras la tormenta, aportando esperanza y vitalidad a las rutinas diarias.<\/span><\/p>\n<p><span data-sheets-root=\"1\">300 g de papel couch\u00e9<\/span><\/p>","protected":false},"excerpt":{"rendered":"<p>Uma celebra\u00e7\u00e3o do contraste entre os momentos cinzentos e os raios de cor que pintam os nossos dias. Este desenho \u00e9 o arco-\u00edris que surge ap\u00f3s a tempestade, trazendo esperan\u00e7a e vitalidade \u00e0s rotinas di\u00e1rias. Papel Couch\u00e9 300g<\/p>","protected":false},"featured_media":2299,"template":"","meta":[],"product_brand":[],"product_cat":[20],"product_tag":[],"cuidado_do_produto":[],"origem_do_produto":[],"class_list":{"0":"post-1437","1":"product","2":"type-product","3":"status-publish","4":"has-post-thumbnail","6":"product_cat-prints","8":"first","9":"instock","10":"taxable","11":"shipping-taxable","12":"purchasable","13":"product-type-variable","14":"has-default-attributes"},"_links":{"self":[{"href":"https:\/\/camaemponto.com\/es\/wp-json\/wp\/v2\/product\/1437","targetHints":{"allow":["GET"]}}],"collection":[{"href":"https:\/\/camaemponto.com\/es\/wp-json\/wp\/v2\/product"}],"about":[{"href":"https:\/\/camaemponto.com\/es\/wp-json\/wp\/v2\/types\/product"}],"wp:featuredmedia":[{"embeddable":true,"href":"https:\/\/camaemponto.com\/es\/wp-json\/wp\/v2\/media\/2299"}],"wp:attachment":[{"href":"https:\/\/camaemponto.com\/es\/wp-json\/wp\/v2\/media?parent=1437"}],"wp:term":[{"taxonomy":"product_brand","embeddable":true,"href":"https:\/\/camaemponto.com\/es\/wp-json\/wp\/v2\/product_brand?post=1437"},{"taxonomy":"product_cat","embeddable":true,"href":"https:\/\/camaemponto.com\/es\/wp-json\/wp\/v2\/product_cat?post=1437"},{"taxonomy":"product_tag","embeddable":true,"href":"https:\/\/camaemponto.com\/es\/wp-json\/wp\/v2\/product_tag?post=1437"},{"taxonomy":"cuidado_do_produto","embeddable":true,"href":"https:\/\/camaemponto.com\/es\/wp-json\/wp\/v2\/cuidado_do_produto?post=1437"},{"taxonomy":"origem_do_produto","embeddable":true,"href":"https:\/\/camaemponto.com\/es\/wp-json\/wp\/v2\/origem_do_produto?post=1437"}],"curies":[{"name":"wp","href":"https:\/\/api.w.org\/{rel}","templated":true}]}}