{"id":1438,"date":"2024-11-25T15:47:03","date_gmt":"2024-11-25T15:47:03","guid":{"rendered":"https:\/\/camaemponto.com\/?post_type=product&#038;p=1438"},"modified":"2025-03-24T18:39:49","modified_gmt":"2025-03-24T18:39:49","slug":"sterk","status":"publish","type":"product","link":"https:\/\/camaemponto.com\/es\/impresiones\/sterk\/","title":{"rendered":"Sterk"},"content":{"rendered":"<p><span data-sheets-root=\"1\">Un homenaje al calor del hogar y al abrazo de la familia. Este dise\u00f1o refleja el acogimiento que encontramos en los v\u00ednculos m\u00e1s profundos, un refugio donde nos sentimos plenos.<\/span><\/p>\n<p><span data-sheets-root=\"1\">300 g de papel couch\u00e9<\/span><\/p>","protected":false},"excerpt":{"rendered":"<p>Um tributo ao calor do lar e ao abra\u00e7o da fam\u00edlia. Este desenho traduz o aconchego que encontramos nos la\u00e7os mais profundos, um ref\u00fagio onde nos sentimos inteiros. Papel Couch\u00e9 300g<\/p>","protected":false},"featured_media":2301,"template":"","meta":[],"product_brand":[],"product_cat":[20],"product_tag":[],"cuidado_do_produto":[],"origem_do_produto":[],"class_list":{"0":"post-1438","1":"product","2":"type-product","3":"status-publish","4":"has-post-thumbnail","6":"product_cat-prints","8":"first","9":"instock","10":"taxable","11":"shipping-taxable","12":"purchasable","13":"product-type-variable","14":"has-default-attributes"},"_links":{"self":[{"href":"https:\/\/camaemponto.com\/es\/wp-json\/wp\/v2\/product\/1438","targetHints":{"allow":["GET"]}}],"collection":[{"href":"https:\/\/camaemponto.com\/es\/wp-json\/wp\/v2\/product"}],"about":[{"href":"https:\/\/camaemponto.com\/es\/wp-json\/wp\/v2\/types\/product"}],"wp:featuredmedia":[{"embeddable":true,"href":"https:\/\/camaemponto.com\/es\/wp-json\/wp\/v2\/media\/2301"}],"wp:attachment":[{"href":"https:\/\/camaemponto.com\/es\/wp-json\/wp\/v2\/media?parent=1438"}],"wp:term":[{"taxonomy":"product_brand","embeddable":true,"href":"https:\/\/camaemponto.com\/es\/wp-json\/wp\/v2\/product_brand?post=1438"},{"taxonomy":"product_cat","embeddable":true,"href":"https:\/\/camaemponto.com\/es\/wp-json\/wp\/v2\/product_cat?post=1438"},{"taxonomy":"product_tag","embeddable":true,"href":"https:\/\/camaemponto.com\/es\/wp-json\/wp\/v2\/product_tag?post=1438"},{"taxonomy":"cuidado_do_produto","embeddable":true,"href":"https:\/\/camaemponto.com\/es\/wp-json\/wp\/v2\/cuidado_do_produto?post=1438"},{"taxonomy":"origem_do_produto","embeddable":true,"href":"https:\/\/camaemponto.com\/es\/wp-json\/wp\/v2\/origem_do_produto?post=1438"}],"curies":[{"name":"wp","href":"https:\/\/api.w.org\/{rel}","templated":true}]}}