{"id":1458,"date":"2024-11-25T15:57:52","date_gmt":"2024-11-25T15:57:52","guid":{"rendered":"https:\/\/camaemponto.com\/?post_type=product&#038;p=1458"},"modified":"2025-07-01T09:39:17","modified_gmt":"2025-07-01T08:39:17","slug":"blomma","status":"publish","type":"product","link":"https:\/\/camaemponto.com\/es\/impresiones\/blomma\/","title":{"rendered":"Blomma"},"content":{"rendered":"<p>Inspirado en los zuecos, uno de los s\u00edmbolos ic\u00f3nicos de Holanda, este dise\u00f1o celebra la sencillez y el encanto de la tradici\u00f3n. Cada trazo refleja la conexi\u00f3n entre la historia cultural y la belleza natural que florece en este inspirador pa\u00eds.<\/p>\n<p><span data-sheets-root=\"1\">300 g de papel couch\u00e9<\/span><\/p>","protected":false},"excerpt":{"rendered":"<p>Inspirado nos tamancos, um dos s\u00edmbolos ic\u00f3nicos da Holanda, este desenho celebra a simplicidade e o charme da tradi\u00e7\u00e3o. Cada tra\u00e7o reflete a conex\u00e3o entre a hist\u00f3ria cultural e a beleza natural que floresce neste pa\u00eds inspirador. Papel Couch\u00e9 300g<\/p>","protected":false},"featured_media":1895,"template":"","meta":[],"product_brand":[],"product_cat":[20],"product_tag":[],"cuidado_do_produto":[],"origem_do_produto":[],"class_list":{"0":"post-1458","1":"product","2":"type-product","3":"status-publish","4":"has-post-thumbnail","6":"product_cat-prints","8":"first","9":"instock","10":"taxable","11":"shipping-taxable","12":"purchasable","13":"product-type-variable","14":"has-default-attributes"},"_links":{"self":[{"href":"https:\/\/camaemponto.com\/es\/wp-json\/wp\/v2\/product\/1458","targetHints":{"allow":["GET"]}}],"collection":[{"href":"https:\/\/camaemponto.com\/es\/wp-json\/wp\/v2\/product"}],"about":[{"href":"https:\/\/camaemponto.com\/es\/wp-json\/wp\/v2\/types\/product"}],"wp:featuredmedia":[{"embeddable":true,"href":"https:\/\/camaemponto.com\/es\/wp-json\/wp\/v2\/media\/1895"}],"wp:attachment":[{"href":"https:\/\/camaemponto.com\/es\/wp-json\/wp\/v2\/media?parent=1458"}],"wp:term":[{"taxonomy":"product_brand","embeddable":true,"href":"https:\/\/camaemponto.com\/es\/wp-json\/wp\/v2\/product_brand?post=1458"},{"taxonomy":"product_cat","embeddable":true,"href":"https:\/\/camaemponto.com\/es\/wp-json\/wp\/v2\/product_cat?post=1458"},{"taxonomy":"product_tag","embeddable":true,"href":"https:\/\/camaemponto.com\/es\/wp-json\/wp\/v2\/product_tag?post=1458"},{"taxonomy":"cuidado_do_produto","embeddable":true,"href":"https:\/\/camaemponto.com\/es\/wp-json\/wp\/v2\/cuidado_do_produto?post=1458"},{"taxonomy":"origem_do_produto","embeddable":true,"href":"https:\/\/camaemponto.com\/es\/wp-json\/wp\/v2\/origem_do_produto?post=1458"}],"curies":[{"name":"wp","href":"https:\/\/api.w.org\/{rel}","templated":true}]}}