{"id":3602,"date":"2025-01-29T14:18:03","date_gmt":"2025-01-29T14:18:03","guid":{"rendered":"https:\/\/camaemponto.com\/?post_type=product&#038;p=3602"},"modified":"2026-03-30T22:56:37","modified_gmt":"2026-03-30T21:56:37","slug":"funda-de-cojin-sten-terracota-basico","status":"publish","type":"product","link":"https:\/\/camaemponto.com\/es\/cojines\/funda-de-cojin-sten-terracota-basico\/","title":{"rendered":"Funda de Coj\u00edn Sten Terracota B\u00e1sico"},"content":{"rendered":"<p>La funda de coj\u00edn Sten Telha combina ligereza, comodidad y un delicado dise\u00f1o que eleva cualquier estancia. Con un tono suave enriquecido por un sutil hilo en el tejido, esta funda de coj\u00edn decorativa se adapta f\u00e1cilmente a salones y dormitorios, ofreciendo una est\u00e9tica limpia y serena. Su textura suave y fluida la hace ideal para crear ambientes de descanso m\u00e1s acogedores y luminosos.<\/p>\n<p>Tejido en algod\u00f3n 100%, el modelo Sten destaca por su tacto suave, su transpirabilidad natural y la sensaci\u00f3n de ligereza que proporciona para el uso diario. El hilo incluido en el tejido a\u00f1ade profundidad visual sin perder la sencillez que transmite el dise\u00f1o, lo que la convierte en una opci\u00f3n vers\u00e1til tanto para estilos minimalistas como para decoraciones m\u00e1s tradicionales. Con un c\u00f3modo peso de 280 gr\/m2. y una construcci\u00f3n dise\u00f1ada para durar, ofrece un equilibrio perfecto entre elegancia y funcionalidad.<\/p>\n<p>Con unas medidas de 40\u00d760 cm, es el tama\u00f1o ideal para utilizarlo en el sof\u00e1, la cama o como elemento decorativo en un sill\u00f3n. La t\u00e9cnica de lavado garantiza una suavidad extra y una fluidez \u00fanica en el tejido, manteniendo la calidad y el confort a lo largo del tiempo. Es una pieza pr\u00e1ctica y refinada que aporta luz, comodidad y autenticidad a su hogar.<\/p>\n<p>&nbsp;<\/p>\n<p>&nbsp;<\/p>","protected":false},"excerpt":{"rendered":"<p>Una pieza que transforma cualquier espacio con acogimiento y elegancia.<\/p>\n<p>&nbsp;<\/p>","protected":false},"featured_media":3604,"template":"","meta":[],"product_brand":[],"product_cat":[17],"product_tag":[],"cuidado_do_produto":[30,31,73,72,74,71,32],"origem_do_produto":[76,78,33,75,77],"class_list":{"0":"post-3602","1":"product","2":"type-product","3":"status-publish","4":"has-post-thumbnail","6":"product_cat-almofadas","7":"cuidado_do_produto-lavar-com-cores-similares","8":"cuidado_do_produto-nao-alvejar-em-agua-morna","9":"cuidado_do_produto-nao-torcer-ou-esfregar-com-forca-para-nao-danificar-a-fibra","10":"cuidado_do_produto-para-melhor-conservacao-guardar-em-local-seco-e-ventilado","11":"cuidado_do_produto-recomendado-o-uso-de-detergente-suave","12":"cuidado_do_produto-secar-a-sombra-para-preservar-a-cor-e-a-textura","13":"cuidado_do_produto-secar-na-maquina","14":"origem_do_produto-concebido-com-criterio-num-processo-alinhado-com-valores-de-responsabilidade-e-detalhe","15":"origem_do_produto-desenhado-com-identidade-propria-refletindo-a-visao-estetica-e-sensivel-do-criador-da-peca","16":"origem_do_produto-fabricado-em-portugal","17":"origem_do_produto-nascido-num-circuito-de-producao-local-com-foco-no-saber-fazer-e-na-proximidade","18":"origem_do_produto-produzido-com-fibras-naturais-criteriosamente-selecionadas-para-garantir-conforto-durabilidade-e-autenticidade","20":"first","21":"instock","22":"taxable","23":"shipping-taxable","24":"purchasable","25":"product-type-simple"},"_links":{"self":[{"href":"https:\/\/camaemponto.com\/es\/wp-json\/wp\/v2\/product\/3602","targetHints":{"allow":["GET"]}}],"collection":[{"href":"https:\/\/camaemponto.com\/es\/wp-json\/wp\/v2\/product"}],"about":[{"href":"https:\/\/camaemponto.com\/es\/wp-json\/wp\/v2\/types\/product"}],"wp:featuredmedia":[{"embeddable":true,"href":"https:\/\/camaemponto.com\/es\/wp-json\/wp\/v2\/media\/3604"}],"wp:attachment":[{"href":"https:\/\/camaemponto.com\/es\/wp-json\/wp\/v2\/media?parent=3602"}],"wp:term":[{"taxonomy":"product_brand","embeddable":true,"href":"https:\/\/camaemponto.com\/es\/wp-json\/wp\/v2\/product_brand?post=3602"},{"taxonomy":"product_cat","embeddable":true,"href":"https:\/\/camaemponto.com\/es\/wp-json\/wp\/v2\/product_cat?post=3602"},{"taxonomy":"product_tag","embeddable":true,"href":"https:\/\/camaemponto.com\/es\/wp-json\/wp\/v2\/product_tag?post=3602"},{"taxonomy":"cuidado_do_produto","embeddable":true,"href":"https:\/\/camaemponto.com\/es\/wp-json\/wp\/v2\/cuidado_do_produto?post=3602"},{"taxonomy":"origem_do_produto","embeddable":true,"href":"https:\/\/camaemponto.com\/es\/wp-json\/wp\/v2\/origem_do_produto?post=3602"}],"curies":[{"name":"wp","href":"https:\/\/api.w.org\/{rel}","templated":true}]}}