{"id":3850,"date":"2025-11-26T21:32:36","date_gmt":"2025-11-26T21:32:36","guid":{"rendered":"https:\/\/camaemponto.com\/?post_type=product&#038;p=3850"},"modified":"2026-03-30T22:20:05","modified_gmt":"2026-03-30T21:20:05","slug":"colcha-verde-agua-uingdom","status":"publish","type":"product","link":"https:\/\/camaemponto.com\/es\/colchas\/colcha-verde-agua-uingdom\/","title":{"rendered":"Colcha UINGDOM"},"content":{"rendered":"<p>La colcha verde agua Uingdom ha sido creada para quienes buscan suavidad, confort y un toque de frescura en su dormitorio. Su color verde agua transmite serenidad y ligereza, haciendo que cualquier habitaci\u00f3n sea m\u00e1s luminosa y acogedora, ya sea una habitaci\u00f3n minimalista y moderna o una inspirada en tonos naturales.<\/p>\n<p>Confeccionada en algod\u00f3n 100% con un gramaje de 380 g\/m\u00b2, esta colcha ofrece la combinaci\u00f3n ideal de ligereza y estructura. Su suave textura envuelve el espacio con naturalidad, proporcionando un tacto c\u00f3modo y agradable para el uso diario. Mantiene bien su forma, es transpirable y tiene una ca\u00edda fluida que realza la est\u00e9tica de la cama.<\/p>\n<p>Con unas medidas de 250\u00d7280 cm, el edred\u00f3n garantiza una funda amplia y elegante, perfecta para camas dobles. Es f\u00e1cil de cuidar, resistente y est\u00e1 dise\u00f1ada para conservar su suavidad y color con el paso del tiempo. La colcha verde agua Uingdom es la elecci\u00f3n para quienes buscan un elemento que transforme el dormitorio con sencillez, comodidad y calidad superior.<\/p>","protected":false},"excerpt":{"rendered":"<p>A colcha verde \u00e1gua Uingdom foi criada para quem procura suavidade, conforto e um toque de frescura no ambiente do quarto. O seu tom verde \u00e1gua transmite serenidade e leveza, tornando qualquer espa\u00e7o mais luminoso e acolhedor, seja num quarto minimalista, moderno ou inspirado em tons naturais. Fabricada em 100% algod\u00e3o com gramagem de 380 g\/m\u00b2, esta colcha oferece a combina\u00e7\u00e3o ideal entre leveza e estrutura. A textura suave envolve o espa\u00e7o com naturalidade, proporcionando um toque confort\u00e1vel e agrad\u00e1vel ao uso di\u00e1rio. Mant\u00e9m bem a forma, \u00e9 respir\u00e1vel e apresenta uma queda fluida que valoriza a est\u00e9tica da cama. Com 250&#215;280 cm, a colcha garante uma cobertura ampla e elegante, perfeita para camas de casal. \u00c9 f\u00e1cil de cuidar, resistente e pensada para manter a suavidade e a cor com o passar do tempo. A colcha verde \u00e1gua Uingdom \u00e9 a escolha de quem procura um elemento que transforma o quarto com simplicidade, conforto e qualidade superior.<\/p>","protected":false},"featured_media":3855,"template":"","meta":[],"product_brand":[],"product_cat":[18],"product_tag":[80],"cuidado_do_produto":[30,31,73,72,74,71,32],"origem_do_produto":[76,78,33,75,77],"class_list":{"0":"post-3850","1":"product","2":"type-product","3":"status-publish","4":"has-post-thumbnail","6":"product_cat-colchas","7":"product_tag-nova-colecao-cama-em-ponto","8":"cuidado_do_produto-lavar-com-cores-similares","9":"cuidado_do_produto-nao-alvejar-em-agua-morna","10":"cuidado_do_produto-nao-torcer-ou-esfregar-com-forca-para-nao-danificar-a-fibra","11":"cuidado_do_produto-para-melhor-conservacao-guardar-em-local-seco-e-ventilado","12":"cuidado_do_produto-recomendado-o-uso-de-detergente-suave","13":"cuidado_do_produto-secar-a-sombra-para-preservar-a-cor-e-a-textura","14":"cuidado_do_produto-secar-na-maquina","15":"origem_do_produto-concebido-com-criterio-num-processo-alinhado-com-valores-de-responsabilidade-e-detalhe","16":"origem_do_produto-desenhado-com-identidade-propria-refletindo-a-visao-estetica-e-sensivel-do-criador-da-peca","17":"origem_do_produto-fabricado-em-portugal","18":"origem_do_produto-nascido-num-circuito-de-producao-local-com-foco-no-saber-fazer-e-na-proximidade","19":"origem_do_produto-produzido-com-fibras-naturais-criteriosamente-selecionadas-para-garantir-conforto-durabilidade-e-autenticidade","21":"first","22":"instock","23":"taxable","24":"shipping-taxable","25":"purchasable","26":"product-type-simple"},"_links":{"self":[{"href":"https:\/\/camaemponto.com\/es\/wp-json\/wp\/v2\/product\/3850","targetHints":{"allow":["GET"]}}],"collection":[{"href":"https:\/\/camaemponto.com\/es\/wp-json\/wp\/v2\/product"}],"about":[{"href":"https:\/\/camaemponto.com\/es\/wp-json\/wp\/v2\/types\/product"}],"wp:featuredmedia":[{"embeddable":true,"href":"https:\/\/camaemponto.com\/es\/wp-json\/wp\/v2\/media\/3855"}],"wp:attachment":[{"href":"https:\/\/camaemponto.com\/es\/wp-json\/wp\/v2\/media?parent=3850"}],"wp:term":[{"taxonomy":"product_brand","embeddable":true,"href":"https:\/\/camaemponto.com\/es\/wp-json\/wp\/v2\/product_brand?post=3850"},{"taxonomy":"product_cat","embeddable":true,"href":"https:\/\/camaemponto.com\/es\/wp-json\/wp\/v2\/product_cat?post=3850"},{"taxonomy":"product_tag","embeddable":true,"href":"https:\/\/camaemponto.com\/es\/wp-json\/wp\/v2\/product_tag?post=3850"},{"taxonomy":"cuidado_do_produto","embeddable":true,"href":"https:\/\/camaemponto.com\/es\/wp-json\/wp\/v2\/cuidado_do_produto?post=3850"},{"taxonomy":"origem_do_produto","embeddable":true,"href":"https:\/\/camaemponto.com\/es\/wp-json\/wp\/v2\/origem_do_produto?post=3850"}],"curies":[{"name":"wp","href":"https:\/\/api.w.org\/{rel}","templated":true}]}}