{"id":3857,"date":"2025-11-26T21:44:18","date_gmt":"2025-11-26T21:44:18","guid":{"rendered":"https:\/\/camaemponto.com\/?post_type=product&#038;p=3857"},"modified":"2026-03-30T22:19:32","modified_gmt":"2026-03-30T21:19:32","slug":"funda-de-cojin-verde-agua-uingdom","status":"publish","type":"product","link":"https:\/\/camaemponto.com\/es\/cojines\/funda-de-cojin-verde-agua-uingdom\/","title":{"rendered":"Funda de coj\u00edn UINGDOM"},"content":{"rendered":"<p>La funda de coj\u00edn verde agua Uingdom est\u00e1 dise\u00f1ada para complementar la decoraci\u00f3n del dormitorio con frescura, comodidad y un toque de ligereza natural. Su tono verde agua aporta serenidad al espacio, actuando como elemento equilibrante tanto en composiciones monocrom\u00e1ticas como en ambientes m\u00e1s contrastados.<\/p>\n<p>Fabricado en algod\u00f3n 100%, con un peso de 380 g\/m\u00b2, tiene una textura suave, estable y agradable al tacto. Este robusto tejido garantiza la comodidad diaria, al tiempo que conserva su forma y suavidad con el paso del tiempo. La funda es transpirable, vers\u00e1til e ideal para crear un ambiente acogedor en la cama, el sof\u00e1 o el sill\u00f3n.<\/p>\n<p>Con unas dimensiones de 40 \u00d7 60 cm, se adapta f\u00e1cilmente a los cojines rectangulares m\u00e1s comunes, por lo que es perfecto para combinar con la colcha Uingdom o para introducir un toque de color sutil pero llamativo. Es f\u00e1cil de cuidar, resistente y est\u00e1 dise\u00f1ado para mantener la comodidad y la tonalidad suave con el uso continuo.<\/p>\n<p>La funda de coj\u00edn verde agua Uingdom es una opci\u00f3n ideal para quienes buscan una pieza que combine sencillez, calidad y una est\u00e9tica natural que transforme cualquier espacio.<\/p>","protected":false},"excerpt":{"rendered":"<p>A capa de almofada verde \u00e1gua Uingdom foi criada para complementar a decora\u00e7\u00e3o do quarto com frescura, conforto e um toque de leveza natural. O seu tom verde \u00e1gua adiciona serenidade ao espa\u00e7o, funcionando como um elemento equilibrador tanto em composi\u00e7\u00f5es monocrom\u00e1ticas como em ambientes mais contrastantes. Fabricada em 100% algod\u00e3o, com gramagem de 380 g\/m\u00b2, apresenta uma textura suave, est\u00e1vel e agrad\u00e1vel ao toque. Este tecido robusto garante conforto di\u00e1rio, mantendo a forma e a suavidade ao longo do tempo. A capa \u00e9 respir\u00e1vel, vers\u00e1til e ideal para criar um ambiente acolhedor na cama, sof\u00e1 ou poltrona. Com 40&#215;60 cm, adapta-se facilmente \u00e0s almofadas retangulares mais comuns, sendo perfeita para combinar com a colcha Uingdom ou para introduzir um ponto de cor subtil mas marcante. \u00c9 f\u00e1cil de cuidar, resistente e pensada para manter o conforto e a tonalidade suave com o uso cont\u00ednuo. A capa de almofada verde \u00e1gua Uingdom \u00e9 uma escolha ideal para quem procura uma pe\u00e7a que alia simplicidade, qualidade e uma est\u00e9tica natural que transforma qualquer espa\u00e7o.<\/p>","protected":false},"featured_media":3858,"template":"","meta":[],"product_brand":[],"product_cat":[17],"product_tag":[80],"cuidado_do_produto":[30,31,73,72,74,71,32],"origem_do_produto":[76,78,33,75,77],"class_list":{"0":"post-3857","1":"product","2":"type-product","3":"status-publish","4":"has-post-thumbnail","6":"product_cat-almofadas","7":"product_tag-nova-colecao-cama-em-ponto","8":"cuidado_do_produto-lavar-com-cores-similares","9":"cuidado_do_produto-nao-alvejar-em-agua-morna","10":"cuidado_do_produto-nao-torcer-ou-esfregar-com-forca-para-nao-danificar-a-fibra","11":"cuidado_do_produto-para-melhor-conservacao-guardar-em-local-seco-e-ventilado","12":"cuidado_do_produto-recomendado-o-uso-de-detergente-suave","13":"cuidado_do_produto-secar-a-sombra-para-preservar-a-cor-e-a-textura","14":"cuidado_do_produto-secar-na-maquina","15":"origem_do_produto-concebido-com-criterio-num-processo-alinhado-com-valores-de-responsabilidade-e-detalhe","16":"origem_do_produto-desenhado-com-identidade-propria-refletindo-a-visao-estetica-e-sensivel-do-criador-da-peca","17":"origem_do_produto-fabricado-em-portugal","18":"origem_do_produto-nascido-num-circuito-de-producao-local-com-foco-no-saber-fazer-e-na-proximidade","19":"origem_do_produto-produzido-com-fibras-naturais-criteriosamente-selecionadas-para-garantir-conforto-durabilidade-e-autenticidade","21":"first","22":"instock","23":"taxable","24":"shipping-taxable","25":"purchasable","26":"product-type-simple"},"_links":{"self":[{"href":"https:\/\/camaemponto.com\/es\/wp-json\/wp\/v2\/product\/3857","targetHints":{"allow":["GET"]}}],"collection":[{"href":"https:\/\/camaemponto.com\/es\/wp-json\/wp\/v2\/product"}],"about":[{"href":"https:\/\/camaemponto.com\/es\/wp-json\/wp\/v2\/types\/product"}],"wp:featuredmedia":[{"embeddable":true,"href":"https:\/\/camaemponto.com\/es\/wp-json\/wp\/v2\/media\/3858"}],"wp:attachment":[{"href":"https:\/\/camaemponto.com\/es\/wp-json\/wp\/v2\/media?parent=3857"}],"wp:term":[{"taxonomy":"product_brand","embeddable":true,"href":"https:\/\/camaemponto.com\/es\/wp-json\/wp\/v2\/product_brand?post=3857"},{"taxonomy":"product_cat","embeddable":true,"href":"https:\/\/camaemponto.com\/es\/wp-json\/wp\/v2\/product_cat?post=3857"},{"taxonomy":"product_tag","embeddable":true,"href":"https:\/\/camaemponto.com\/es\/wp-json\/wp\/v2\/product_tag?post=3857"},{"taxonomy":"cuidado_do_produto","embeddable":true,"href":"https:\/\/camaemponto.com\/es\/wp-json\/wp\/v2\/cuidado_do_produto?post=3857"},{"taxonomy":"origem_do_produto","embeddable":true,"href":"https:\/\/camaemponto.com\/es\/wp-json\/wp\/v2\/origem_do_produto?post=3857"}],"curies":[{"name":"wp","href":"https:\/\/api.w.org\/{rel}","templated":true}]}}