{"id":4113,"date":"2026-02-06T17:18:16","date_gmt":"2026-02-06T17:18:16","guid":{"rendered":"https:\/\/camaemponto.com\/?post_type=product&#038;p=4113"},"modified":"2026-04-23T22:42:20","modified_gmt":"2026-04-23T21:42:20","slug":"relleno-50x65","status":"publish","type":"product","link":"https:\/\/camaemponto.com\/es\/cojines\/relleno-50x65\/","title":{"rendered":"Relleno de la funda de coj\u00edn"},"content":{"rendered":"<p>Coj\u00edn de relleno 50\u00d765<\/p>","protected":false},"excerpt":{"rendered":"<p>Coj\u00edn de relleno 50\u00d765<\/p>","protected":false},"featured_media":4115,"template":"","meta":[],"product_brand":[],"product_cat":[17],"product_tag":[],"cuidado_do_produto":[],"origem_do_produto":[],"class_list":{"0":"post-4113","1":"product","2":"type-product","3":"status-publish","4":"has-post-thumbnail","6":"product_cat-almofadas","8":"first","9":"instock","10":"taxable","11":"shipping-taxable","12":"purchasable","13":"product-type-simple"},"_links":{"self":[{"href":"https:\/\/camaemponto.com\/es\/wp-json\/wp\/v2\/product\/4113","targetHints":{"allow":["GET"]}}],"collection":[{"href":"https:\/\/camaemponto.com\/es\/wp-json\/wp\/v2\/product"}],"about":[{"href":"https:\/\/camaemponto.com\/es\/wp-json\/wp\/v2\/types\/product"}],"wp:featuredmedia":[{"embeddable":true,"href":"https:\/\/camaemponto.com\/es\/wp-json\/wp\/v2\/media\/4115"}],"wp:attachment":[{"href":"https:\/\/camaemponto.com\/es\/wp-json\/wp\/v2\/media?parent=4113"}],"wp:term":[{"taxonomy":"product_brand","embeddable":true,"href":"https:\/\/camaemponto.com\/es\/wp-json\/wp\/v2\/product_brand?post=4113"},{"taxonomy":"product_cat","embeddable":true,"href":"https:\/\/camaemponto.com\/es\/wp-json\/wp\/v2\/product_cat?post=4113"},{"taxonomy":"product_tag","embeddable":true,"href":"https:\/\/camaemponto.com\/es\/wp-json\/wp\/v2\/product_tag?post=4113"},{"taxonomy":"cuidado_do_produto","embeddable":true,"href":"https:\/\/camaemponto.com\/es\/wp-json\/wp\/v2\/cuidado_do_produto?post=4113"},{"taxonomy":"origem_do_produto","embeddable":true,"href":"https:\/\/camaemponto.com\/es\/wp-json\/wp\/v2\/origem_do_produto?post=4113"}],"curies":[{"name":"wp","href":"https:\/\/api.w.org\/{rel}","templated":true}]}}