{"id":691,"date":"2024-11-21T14:52:40","date_gmt":"2024-11-21T14:52:40","guid":{"rendered":"https:\/\/camaemponto.com\/?post_type=product&#038;p=691"},"modified":"2026-04-23T22:42:18","modified_gmt":"2026-04-23T21:42:18","slug":"funda-de-cojin-blomma","status":"publish","type":"product","link":"https:\/\/camaemponto.com\/es\/cojines\/funda-de-cojin-blomma\/","title":{"rendered":"Funda de coj\u00edn Blomma"},"content":{"rendered":"<p>La funda de coj\u00edn de algod\u00f3n Blomma combina la comodidad con un delicado dise\u00f1o que eleva cualquier habitaci\u00f3n. Con un tono suave enriquecido que hace de esta manta una pieza \u00fanica de estilo r\u00fastico, esta manta decorativa se adapta f\u00e1cilmente a salones y dormitorios, ofreciendo una est\u00e9tica limpia y serena. Su textura suave y fluida y su mezcla de puntadas la hacen ideal para crear ambientes de descanso m\u00e1s acogedores y luminosos.<\/p>\n<p>Tejida en algod\u00f3n 100%, el modelo Blomma destaca por su tacto, su transpirabilidad natural y la sensaci\u00f3n de ligereza que proporciona para el uso diario. La mezcla de puntadas a\u00f1ade profundidad visual sin perder su sencillez, lo que convierte a esta manta en una opci\u00f3n vers\u00e1til tanto para estilos minimalistas como para decoraciones m\u00e1s tradicionales. Con un c\u00f3modo peso de 505 gr\/m2 y una construcci\u00f3n dise\u00f1ada para durar, ofrece el equilibrio perfecto entre elegancia y funcionalidad.<\/p>\n<p>Con unas medidas de 40\u00d760 cm, la funda de coj\u00edn de algod\u00f3n Blomma tiene el tama\u00f1o ideal para utilizarla en el sof\u00e1, la cama o como elemento decorativo en un sill\u00f3n. F\u00e1cil de cuidar y lavable a m\u00e1quina, la t\u00e9cnica de lavado confiere al tejido mayor suavidad y fluidez y mantiene la calidad y el confort con el paso del tiempo. Es una pieza pr\u00e1ctica y refinada que aporta luz, comodidad y autenticidad a su hogar.<\/p>","protected":false},"excerpt":{"rendered":"<p>A capa de almofada Blomma em algod\u00e3o, combina conforto e um design delicado que eleva qualquer ambiente. Com um tom suave enriquecido faz desta manta uma pe\u00e7a \u00fanica com estilo r\u00fastico, esta manta decorativa adapta-se facilmente a salas e quartos, oferecendo uma est\u00e9tica limpa e serena. A sua textura macia e fluida, pois a mistura de pontos\u00a0 torna-a ideal para criar ambientes de descanso mais acolhedores e luminosos. Tecido em 100% algod\u00e3o, o modelo Blomma destaca-se pelo toque, pela respirabilidade natural e pela sensa\u00e7\u00e3o leve que proporciona ao uso di\u00e1rio. A mistura de pontos acrescenta profundidade visual sem perder a simplicidade, tornando esta manta uma escolha vers\u00e1til tanto para estilos minimalistas como para decora\u00e7\u00f5es mais tradicionais. Com um peso confort\u00e1vel 505 gr\/m2 e uma constru\u00e7\u00e3o pensada para durar, oferece um equil\u00edbrio perfeito entre eleg\u00e2ncia e funcionalidade. Com 40&#215;60 cm, a capa de almofada Blomma em algod\u00e3o tem o tamanho ideal para usar no sof\u00e1, na cama ou como elemento decorativo num cadeir\u00e3o. F\u00e1cil de cuidar e lav\u00e1vel \u00e0 m\u00e1quina a t\u00e9cnica da lavagem proporciona maior suavidade e fluidez ao tecido e mant\u00e9m a qualidade e o conforto com o tempo. \u00c9 uma pe\u00e7a pr\u00e1tica e refinada que acrescenta luz, conforto e autenticidade ao seu lar.<\/p>","protected":false},"featured_media":692,"template":"","meta":[],"product_brand":[],"product_cat":[17],"product_tag":[],"cuidado_do_produto":[30,31,73,72,74,71,32],"origem_do_produto":[76,78,33,75,77],"class_list":{"0":"post-691","1":"product","2":"type-product","3":"status-publish","4":"has-post-thumbnail","6":"product_cat-almofadas","7":"cuidado_do_produto-lavar-com-cores-similares","8":"cuidado_do_produto-nao-alvejar-em-agua-morna","9":"cuidado_do_produto-nao-torcer-ou-esfregar-com-forca-para-nao-danificar-a-fibra","10":"cuidado_do_produto-para-melhor-conservacao-guardar-em-local-seco-e-ventilado","11":"cuidado_do_produto-recomendado-o-uso-de-detergente-suave","12":"cuidado_do_produto-secar-a-sombra-para-preservar-a-cor-e-a-textura","13":"cuidado_do_produto-secar-na-maquina","14":"origem_do_produto-concebido-com-criterio-num-processo-alinhado-com-valores-de-responsabilidade-e-detalhe","15":"origem_do_produto-desenhado-com-identidade-propria-refletindo-a-visao-estetica-e-sensivel-do-criador-da-peca","16":"origem_do_produto-fabricado-em-portugal","17":"origem_do_produto-nascido-num-circuito-de-producao-local-com-foco-no-saber-fazer-e-na-proximidade","18":"origem_do_produto-produzido-com-fibras-naturais-criteriosamente-selecionadas-para-garantir-conforto-durabilidade-e-autenticidade","20":"first","21":"instock","22":"taxable","23":"shipping-taxable","24":"purchasable","25":"product-type-simple"},"_links":{"self":[{"href":"https:\/\/camaemponto.com\/es\/wp-json\/wp\/v2\/product\/691","targetHints":{"allow":["GET"]}}],"collection":[{"href":"https:\/\/camaemponto.com\/es\/wp-json\/wp\/v2\/product"}],"about":[{"href":"https:\/\/camaemponto.com\/es\/wp-json\/wp\/v2\/types\/product"}],"wp:featuredmedia":[{"embeddable":true,"href":"https:\/\/camaemponto.com\/es\/wp-json\/wp\/v2\/media\/692"}],"wp:attachment":[{"href":"https:\/\/camaemponto.com\/es\/wp-json\/wp\/v2\/media?parent=691"}],"wp:term":[{"taxonomy":"product_brand","embeddable":true,"href":"https:\/\/camaemponto.com\/es\/wp-json\/wp\/v2\/product_brand?post=691"},{"taxonomy":"product_cat","embeddable":true,"href":"https:\/\/camaemponto.com\/es\/wp-json\/wp\/v2\/product_cat?post=691"},{"taxonomy":"product_tag","embeddable":true,"href":"https:\/\/camaemponto.com\/es\/wp-json\/wp\/v2\/product_tag?post=691"},{"taxonomy":"cuidado_do_produto","embeddable":true,"href":"https:\/\/camaemponto.com\/es\/wp-json\/wp\/v2\/cuidado_do_produto?post=691"},{"taxonomy":"origem_do_produto","embeddable":true,"href":"https:\/\/camaemponto.com\/es\/wp-json\/wp\/v2\/origem_do_produto?post=691"}],"curies":[{"name":"wp","href":"https:\/\/api.w.org\/{rel}","templated":true}]}}