{"id":714,"date":"2024-11-21T19:13:30","date_gmt":"2024-11-21T19:13:30","guid":{"rendered":"https:\/\/camaemponto.com\/?post_type=product&#038;p=714"},"modified":"2026-03-30T23:09:01","modified_gmt":"2026-03-30T22:09:01","slug":"funda-de-cojin-sture-cornucopias-beige","status":"publish","type":"product","link":"https:\/\/camaemponto.com\/es\/cojines\/funda-de-cojin-sture-cornucopias-beige\/","title":{"rendered":"Funda de Coj\u00edn Sture Cornucopia Beige"},"content":{"rendered":"<p>La funda de coj\u00edn Sture beige ha sido dise\u00f1ada y desarrollada para transformar el ambiente del dormitorio con un toque de color c\u00e1lido, confortable y naturalmente elegante. Su color beige a\u00f1ade profundidad y armon\u00eda al espacio, adapt\u00e1ndose f\u00e1cilmente a estilos modernos, cl\u00e1sicos o minimalistas.<\/p>\n<p>Confeccionada en algod\u00f3n 100% y con un peso de 470 g\/m\u00b2, esta colcha ofrece una combinaci\u00f3n de ligereza, suavidad y durabilidad. El acabado intensifica el tacto suave y le confiere un aspecto m\u00e1s natural y relajado, ideal para quienes buscan una pieza con car\u00e1cter r\u00fastico e identidad propia.<\/p>\n<p>El tama\u00f1o de 60\u00d740 cm hace que este coj\u00edn sea adecuado para cualquier ambiente y en cualquier hogar, garantizando un ajuste generoso que realza su est\u00e9tica. Es f\u00e1cil de cuidar, ya que la t\u00e9cnica de lavado confiere mayor suavidad y fluidez al tejido, que se vuelve resistente y conserva su confort y textura con el uso. El coj\u00edn beige es la opci\u00f3n ideal para quienes desean elevar su ambiente con una pieza que combina color, calidad y un dise\u00f1o pensado hasta el \u00faltimo detalle.<\/p>","protected":false},"excerpt":{"rendered":"<p>La funda de coj\u00edn Sture beige ha sido dise\u00f1ada y desarrollada para transformar el ambiente del dormitorio con un toque de color c\u00e1lido, confortable y naturalmente elegante. Su color beige a\u00f1ade profundidad y armon\u00eda al espacio, adapt\u00e1ndose f\u00e1cilmente a estilos modernos, cl\u00e1sicos o minimalistas. Compuesta de algod\u00f3n 100% y con un peso de 470 g\/m\u00b2, esta colcha ofrece una combinaci\u00f3n de ligereza, suavidad y durabilidad. El acabado intensifica el tacto suave y le confiere un aspecto m\u00e1s natural y relajado, ideal para quienes buscan una pieza con car\u00e1cter r\u00fastico e identidad propia. El tama\u00f1o de 60\u00d740 cm hace que este coj\u00edn sea adecuado para cualquier ambiente y en cualquier hogar, garantizando un ajuste generoso que realza su est\u00e9tica. Es f\u00e1cil de cuidar, ya que la t\u00e9cnica de lavado confiere mayor suavidad y fluidez al tejido, que se vuelve resistente y conserva su confort y textura con el uso. El coj\u00edn beige es la opci\u00f3n ideal para quienes desean elevar su ambiente con una pieza que combina color, calidad y un dise\u00f1o pensado al detalle.<\/p>","protected":false},"featured_media":1721,"template":"","meta":[],"product_brand":[],"product_cat":[17],"product_tag":[],"cuidado_do_produto":[30,31,73,72,74,71,32],"origem_do_produto":[76,78,33,75,77],"class_list":{"0":"post-714","1":"product","2":"type-product","3":"status-publish","4":"has-post-thumbnail","6":"product_cat-almofadas","7":"cuidado_do_produto-lavar-com-cores-similares","8":"cuidado_do_produto-nao-alvejar-em-agua-morna","9":"cuidado_do_produto-nao-torcer-ou-esfregar-com-forca-para-nao-danificar-a-fibra","10":"cuidado_do_produto-para-melhor-conservacao-guardar-em-local-seco-e-ventilado","11":"cuidado_do_produto-recomendado-o-uso-de-detergente-suave","12":"cuidado_do_produto-secar-a-sombra-para-preservar-a-cor-e-a-textura","13":"cuidado_do_produto-secar-na-maquina","14":"origem_do_produto-concebido-com-criterio-num-processo-alinhado-com-valores-de-responsabilidade-e-detalhe","15":"origem_do_produto-desenhado-com-identidade-propria-refletindo-a-visao-estetica-e-sensivel-do-criador-da-peca","16":"origem_do_produto-fabricado-em-portugal","17":"origem_do_produto-nascido-num-circuito-de-producao-local-com-foco-no-saber-fazer-e-na-proximidade","18":"origem_do_produto-produzido-com-fibras-naturais-criteriosamente-selecionadas-para-garantir-conforto-durabilidade-e-autenticidade","20":"first","21":"instock","22":"taxable","23":"shipping-taxable","24":"purchasable","25":"product-type-simple"},"_links":{"self":[{"href":"https:\/\/camaemponto.com\/es\/wp-json\/wp\/v2\/product\/714","targetHints":{"allow":["GET"]}}],"collection":[{"href":"https:\/\/camaemponto.com\/es\/wp-json\/wp\/v2\/product"}],"about":[{"href":"https:\/\/camaemponto.com\/es\/wp-json\/wp\/v2\/types\/product"}],"wp:featuredmedia":[{"embeddable":true,"href":"https:\/\/camaemponto.com\/es\/wp-json\/wp\/v2\/media\/1721"}],"wp:attachment":[{"href":"https:\/\/camaemponto.com\/es\/wp-json\/wp\/v2\/media?parent=714"}],"wp:term":[{"taxonomy":"product_brand","embeddable":true,"href":"https:\/\/camaemponto.com\/es\/wp-json\/wp\/v2\/product_brand?post=714"},{"taxonomy":"product_cat","embeddable":true,"href":"https:\/\/camaemponto.com\/es\/wp-json\/wp\/v2\/product_cat?post=714"},{"taxonomy":"product_tag","embeddable":true,"href":"https:\/\/camaemponto.com\/es\/wp-json\/wp\/v2\/product_tag?post=714"},{"taxonomy":"cuidado_do_produto","embeddable":true,"href":"https:\/\/camaemponto.com\/es\/wp-json\/wp\/v2\/cuidado_do_produto?post=714"},{"taxonomy":"origem_do_produto","embeddable":true,"href":"https:\/\/camaemponto.com\/es\/wp-json\/wp\/v2\/origem_do_produto?post=714"}],"curies":[{"name":"wp","href":"https:\/\/api.w.org\/{rel}","templated":true}]}}